{"id":248,"date":"2023-10-31T14:43:52","date_gmt":"2023-10-31T14:43:52","guid":{"rendered":"https:\/\/www.eltexbcn.com\/ubicacion\/"},"modified":"2023-11-14T11:07:06","modified_gmt":"2023-11-14T11:07:06","slug":"emplacement","status":"publish","type":"page","link":"https:\/\/www.eltexbcn.com\/fr\/emplacement\/","title":{"rendered":"Emplacement"},"content":{"rendered":"<div  class='flex_column av-gam7c-2eafbb638cd9a027d4110b4f714796eb av_one_half  avia-builder-el-0  el_before_av_one_half  avia-builder-el-first  first flex_column_div  '     ><p>\n<style type=\"text\/css\" data-created_by=\"avia_inline_auto\" id=\"style-css-av-loefyddy-c31693b933bf43a6e8885fc12839901e\">\n#top .av-special-heading.av-loefyddy-c31693b933bf43a6e8885fc12839901e{\npadding-bottom:10px;\n}\nbody .av-special-heading.av-loefyddy-c31693b933bf43a6e8885fc12839901e .av-special-heading-tag .heading-char{\nfont-size:25px;\n}\n.av-special-heading.av-loefyddy-c31693b933bf43a6e8885fc12839901e .av-subheading{\nfont-size:15px;\n}\n<\/style>\n<div  class='av-special-heading av-loefyddy-c31693b933bf43a6e8885fc12839901e av-special-heading-h2 blockquote modern-quote  avia-builder-el-1  el_before_av_codeblock  avia-builder-el-first '><h2 class='av-special-heading-tag '  itemprop=\"headline\"  >Contactez-nous<\/h2><div class=\"special-heading-border\"><div class=\"special-heading-inner-border\"><\/div><\/div><\/div><br \/>\n<\/p><\/div><div  class='flex_column av-970tc-130d909b0d2bb412e176366f898c7ebd av_one_half  avia-builder-el-3  el_after_av_one_half  avia-builder-el-last  flex_column_div  '     ><p><section  class='av_textblock_section av-loefvu73-7139a122805e1ae49e7c1bc3e42708d2 '   itemscope=\"itemscope\" itemtype=\"https:\/\/schema.org\/CreativeWork\" ><div class='avia_textblock'  itemprop=\"text\" ><p>\u00c9tant situ\u00e9s \u00e0 Barcelone, nous b\u00e9n\u00e9ficions d\u2019avantages logistiques importants. Cela se traduit par des d\u00e9lais de livraison optimaux et un acc\u00e8s efficace \u00e0 des mat\u00e9riaux de haute qualit\u00e9.<\/p>\n<\/div><\/section><br \/>\n<article  class='iconbox iconbox_left av-loeg131l-66b4638ce2ede2069d134b7589044866  avia-builder-el-5  el_after_av_textblock  el_before_av_hr '  itemscope=\"itemscope\" itemtype=\"https:\/\/schema.org\/CreativeWork\" ><div class=\"iconbox_content\"><header class=\"entry-content-header\"><div class=\"iconbox_icon heading-color\" aria-hidden='true' data-av_icon='\ue842' data-av_iconfont='entypo-fontello'><\/div><h3 class='iconbox_content_title '  itemprop=\"headline\" >Emplacement<\/h3><\/header><div class='iconbox_content_container '  itemprop=\"text\" ><p>Via Sergia 69, 1er \u00e9tage &#8211; pol. pla d&rsquo;en Boet, Matar\u00f3 08302, Barcelone<\/p>\n<\/div><\/div><footer class=\"entry-footer\"><\/footer><\/article><br \/>\n\n<style type=\"text\/css\" data-created_by=\"avia_inline_auto\" id=\"style-css-av-loeg276q-8c8d7ea92a7d45f897314e2128b74399\">\n#top .hr.hr-invisible.av-loeg276q-8c8d7ea92a7d45f897314e2128b74399{\nheight:5px;\n}\n<\/style>\n<div  class='hr av-loeg276q-8c8d7ea92a7d45f897314e2128b74399 hr-invisible  avia-builder-el-6  el_after_av_icon_box  el_before_av_google_map  avia-builder-el-last '><span class='hr-inner '><span class=\"hr-inner-style\"><\/span><\/span><\/div><br \/>\n<div  class='av_gmaps_sc_main_wrap av_gmaps_main_wrap '><div id='av_gmap_0' class='avia-google-map-container avia-google-map-sc av_gmaps_show_unconditionally av-no-fallback-img ' data-mapid='av_gmap_0'  style='height: 400px;'><a class=\"av_gmaps_browser_disabled av_text_confirm_link av_text_confirm_link_visible\" href=\"https:\/\/www.google.com\/maps\/search\/?api=1&#038;query=via%20sergia%2069,%201ra%20planta-%20pol.%20pla%20d\u2019en%20Boet%20%2008302%20Matar\u00f3%20%20Barcelona%20Espa\u00f1a\" target=\"_blank\" rel=\"noopener\">Les cartes ont \u00e9t\u00e9 d\u00e9sactiv\u00e9es par le visiteur sur ce site. Cliquer pour ouvrir la carte dans une nouvelle fen\u00eatre.<\/a><\/div><\/div><\/p><\/div><\/p>\n","protected":false},"excerpt":{"rendered":"","protected":false},"author":1,"featured_media":0,"parent":0,"menu_order":0,"comment_status":"closed","ping_status":"closed","template":"","meta":{"footnotes":""},"class_list":["post-248","page","type-page","status-publish","hentry"],"yoast_head":"<!-- This site is optimized with the Yoast SEO plugin v27.4 - https:\/\/yoast.com\/product\/yoast-seo-wordpress\/ -->\n<title>Emplacement - Textil Eltex Barcelona<\/title>\n<meta name=\"description\" content=\"Textil ElTex : Matar\u00f3, Barcelone. Cr\u00e9ant des maillots de bain pour femmes, jeunes, grandes tailles et enfants depuis 2006.\" \/>\n<meta name=\"robots\" content=\"index, follow, max-snippet:-1, max-image-preview:large, max-video-preview:-1\" \/>\n<link rel=\"canonical\" href=\"https:\/\/www.eltexbcn.com\/fr\/emplacement\/\" \/>\n<meta property=\"og:locale\" content=\"fr_FR\" \/>\n<meta property=\"og:type\" content=\"article\" \/>\n<meta property=\"og:title\" content=\"Emplacement - Textil Eltex Barcelona\" \/>\n<meta property=\"og:description\" content=\"Textil ElTex : Matar\u00f3, Barcelone. Cr\u00e9ant des maillots de bain pour femmes, jeunes, grandes tailles et enfants depuis 2006.\" \/>\n<meta property=\"og:url\" content=\"https:\/\/www.eltexbcn.com\/fr\/emplacement\/\" \/>\n<meta property=\"og:site_name\" content=\"Textil Eltex Barcelona\" \/>\n<meta property=\"article:modified_time\" content=\"2023-11-14T11:07:06+00:00\" \/>\n<meta name=\"twitter:card\" content=\"summary_large_image\" \/>\n<meta name=\"twitter:label1\" content=\"Dur\u00e9e de lecture estim\u00e9e\" \/>\n\t<meta name=\"twitter:data1\" content=\"3 minutes\" \/>\n<script type=\"application\/ld+json\" class=\"yoast-schema-graph\">{\"@context\":\"https:\\\/\\\/schema.org\",\"@graph\":[{\"@type\":\"WebPage\",\"@id\":\"https:\\\/\\\/www.eltexbcn.com\\\/fr\\\/emplacement\\\/\",\"url\":\"https:\\\/\\\/www.eltexbcn.com\\\/fr\\\/emplacement\\\/\",\"name\":\"Emplacement - Textil Eltex Barcelona\",\"isPartOf\":{\"@id\":\"https:\\\/\\\/www.eltexbcn.com\\\/fr\\\/#website\"},\"datePublished\":\"2023-10-31T14:43:52+00:00\",\"dateModified\":\"2023-11-14T11:07:06+00:00\",\"description\":\"Textil ElTex : Matar\u00f3, Barcelone. Cr\u00e9ant des maillots de bain pour femmes, jeunes, grandes tailles et enfants depuis 2006.\",\"breadcrumb\":{\"@id\":\"https:\\\/\\\/www.eltexbcn.com\\\/fr\\\/emplacement\\\/#breadcrumb\"},\"inLanguage\":\"fr-FR\",\"potentialAction\":[{\"@type\":\"ReadAction\",\"target\":[\"https:\\\/\\\/www.eltexbcn.com\\\/fr\\\/emplacement\\\/\"]}]},{\"@type\":\"BreadcrumbList\",\"@id\":\"https:\\\/\\\/www.eltexbcn.com\\\/fr\\\/emplacement\\\/#breadcrumb\",\"itemListElement\":[{\"@type\":\"ListItem\",\"position\":1,\"name\":\"Home\",\"item\":\"https:\\\/\\\/www.eltexbcn.com\\\/fr\\\/home\\\/\"},{\"@type\":\"ListItem\",\"position\":2,\"name\":\"Emplacement\"}]},{\"@type\":\"WebSite\",\"@id\":\"https:\\\/\\\/www.eltexbcn.com\\\/fr\\\/#website\",\"url\":\"https:\\\/\\\/www.eltexbcn.com\\\/fr\\\/\",\"name\":\"Textil Eltex Barcelona\",\"description\":\"\",\"potentialAction\":[{\"@type\":\"SearchAction\",\"target\":{\"@type\":\"EntryPoint\",\"urlTemplate\":\"https:\\\/\\\/www.eltexbcn.com\\\/fr\\\/?s={search_term_string}\"},\"query-input\":{\"@type\":\"PropertyValueSpecification\",\"valueRequired\":true,\"valueName\":\"search_term_string\"}}],\"inLanguage\":\"fr-FR\"}]}<\/script>\n<!-- \/ Yoast SEO plugin. -->","yoast_head_json":{"title":"Emplacement - Textil Eltex Barcelona","description":"Textil ElTex : Matar\u00f3, Barcelone. Cr\u00e9ant des maillots de bain pour femmes, jeunes, grandes tailles et enfants depuis 2006.","robots":{"index":"index","follow":"follow","max-snippet":"max-snippet:-1","max-image-preview":"max-image-preview:large","max-video-preview":"max-video-preview:-1"},"canonical":"https:\/\/www.eltexbcn.com\/fr\/emplacement\/","og_locale":"fr_FR","og_type":"article","og_title":"Emplacement - Textil Eltex Barcelona","og_description":"Textil ElTex : Matar\u00f3, Barcelone. Cr\u00e9ant des maillots de bain pour femmes, jeunes, grandes tailles et enfants depuis 2006.","og_url":"https:\/\/www.eltexbcn.com\/fr\/emplacement\/","og_site_name":"Textil Eltex Barcelona","article_modified_time":"2023-11-14T11:07:06+00:00","twitter_card":"summary_large_image","twitter_misc":{"Dur\u00e9e de lecture estim\u00e9e":"3 minutes"},"schema":{"@context":"https:\/\/schema.org","@graph":[{"@type":"WebPage","@id":"https:\/\/www.eltexbcn.com\/fr\/emplacement\/","url":"https:\/\/www.eltexbcn.com\/fr\/emplacement\/","name":"Emplacement - Textil Eltex Barcelona","isPartOf":{"@id":"https:\/\/www.eltexbcn.com\/fr\/#website"},"datePublished":"2023-10-31T14:43:52+00:00","dateModified":"2023-11-14T11:07:06+00:00","description":"Textil ElTex : Matar\u00f3, Barcelone. Cr\u00e9ant des maillots de bain pour femmes, jeunes, grandes tailles et enfants depuis 2006.","breadcrumb":{"@id":"https:\/\/www.eltexbcn.com\/fr\/emplacement\/#breadcrumb"},"inLanguage":"fr-FR","potentialAction":[{"@type":"ReadAction","target":["https:\/\/www.eltexbcn.com\/fr\/emplacement\/"]}]},{"@type":"BreadcrumbList","@id":"https:\/\/www.eltexbcn.com\/fr\/emplacement\/#breadcrumb","itemListElement":[{"@type":"ListItem","position":1,"name":"Home","item":"https:\/\/www.eltexbcn.com\/fr\/home\/"},{"@type":"ListItem","position":2,"name":"Emplacement"}]},{"@type":"WebSite","@id":"https:\/\/www.eltexbcn.com\/fr\/#website","url":"https:\/\/www.eltexbcn.com\/fr\/","name":"Textil Eltex Barcelona","description":"","potentialAction":[{"@type":"SearchAction","target":{"@type":"EntryPoint","urlTemplate":"https:\/\/www.eltexbcn.com\/fr\/?s={search_term_string}"},"query-input":{"@type":"PropertyValueSpecification","valueRequired":true,"valueName":"search_term_string"}}],"inLanguage":"fr-FR"}]}},"_links":{"self":[{"href":"https:\/\/www.eltexbcn.com\/fr\/wp-json\/wp\/v2\/pages\/248","targetHints":{"allow":["GET"]}}],"collection":[{"href":"https:\/\/www.eltexbcn.com\/fr\/wp-json\/wp\/v2\/pages"}],"about":[{"href":"https:\/\/www.eltexbcn.com\/fr\/wp-json\/wp\/v2\/types\/page"}],"author":[{"embeddable":true,"href":"https:\/\/www.eltexbcn.com\/fr\/wp-json\/wp\/v2\/users\/1"}],"replies":[{"embeddable":true,"href":"https:\/\/www.eltexbcn.com\/fr\/wp-json\/wp\/v2\/comments?post=248"}],"version-history":[{"count":0,"href":"https:\/\/www.eltexbcn.com\/fr\/wp-json\/wp\/v2\/pages\/248\/revisions"}],"wp:attachment":[{"href":"https:\/\/www.eltexbcn.com\/fr\/wp-json\/wp\/v2\/media?parent=248"}],"curies":[{"name":"wp","href":"https:\/\/api.w.org\/{rel}","templated":true}]}}