{"id":240,"date":"2023-10-23T11:47:40","date_gmt":"2023-10-23T11:47:40","guid":{"rendered":"https:\/\/www.eltexbcn.com\/politica-de-cookies\/"},"modified":"2023-11-14T10:52:17","modified_gmt":"2023-11-14T10:52:17","slug":"politique-de-cookies","status":"publish","type":"page","link":"https:\/\/www.eltexbcn.com\/fr\/politique-de-cookies\/","title":{"rendered":"Politique de cookies"},"content":{"rendered":"<h2 style=\"text-align: center;\">Politique de cookies<\/h2>\n<p><strong>POLITIQUE D\u2019IDENTIFICATION ET DE COOKIES<\/strong><\/p>\n<p>La soci\u00e9t\u00e9 Textil Eltex S.L. , avec CIF B64125677, si\u00e8ge social \u00e0 Matar\u00f3 (Barcelone) 08302, Via Sergia, 69 1er \u00e9tage, et inscrite au Registre du Commerce de Barcelone au Tome 38.354, Folio 18, Feuille B 323.097<\/p>\n<p>Sur notre site internet nous utilisons nos propres cookies qui nous permettent d&rsquo;am\u00e9liorer l&rsquo;exp\u00e9rience utilisateur et de proposer du contenu adapt\u00e9 \u00e0 vos centres d&rsquo;int\u00e9r\u00eat gr\u00e2ce \u00e0 la personnalisation du contenu. De plus, nous utilisons des cookies tiers qui personnalisent la publicit\u00e9 des pages que vous visitez avec un contenu int\u00e9ressant nos utilisateurs.<\/p>\n<p>Si vous continuez \u00e0 naviguer avec votre navigateur configur\u00e9 pour accepter les cookies, nous comprendrons que vous acceptez l&rsquo;installation de cookies comme d\u00e9taill\u00e9 dans la Politique de Cookies.<\/p>\n<p><strong>INFORMATIONS DE BASE SUR LES COOKIES<\/strong><\/p>\n<p><strong>Que sont les cookies ?<\/strong><\/p>\n<p>Les cookies sont de petits \u00e9l\u00e9ments d&rsquo;information qui sont stock\u00e9s dans le navigateur de votre ordinateur, tablette ou t\u00e9l\u00e9phone portable lorsque vous visitez notre site Internet, et qui facilitent et personnalisent la navigation lors de la visite de ces m\u00eames pages.<\/p>\n<p><strong>A quoi servent les cookies ?<\/strong><\/p>\n<p>Les cookies ne vous identifient pas personnellement et ne pr\u00e9sentent aucun risque pour votre ordinateur ou appareil mobile. Ce ne sont pas des virus ou des logiciels espions. Il s&rsquo;agit simplement d&rsquo;outils utilis\u00e9s par les sites Web que vous visitez pour am\u00e9liorer votre navigation, pour que vos donn\u00e9es circulent en toute s\u00e9curit\u00e9 sur Internet, pour nous aider \u00e0 comprendre quelles informations de notre site Web sont les plus utiles \u00e0 nos utilisateurs ou pour conna\u00eetre quelles offres peuvent les int\u00e9resser. vous, chaque utilisateur. Et tout cela de mani\u00e8re totalement anonyme : nous ne conna\u00eetrons jamais votre nom, votre adresse ou votre num\u00e9ro de t\u00e9l\u00e9phone \u00e0 moins que vous ne nous les fournissiez. Vous d\u00e9cidez d&rsquo;autoriser ou non les cookies, mais si vous d\u00e9cidez de ne pas les autoriser, vous devez les bloquer dans votre navigateur.<\/p>\n<p>En outre, vous devez garder \u00e0 l&rsquo;esprit que si vous d\u00e9cidez de ne pas autoriser l&rsquo;utilisation de cookies sur le site Web, certaines fonctionnalit\u00e9s du site Web pourraient ne pas fonctionner correctement et, de plus, nous ne pourrons pas adapter les informations que nous vous proposons \u00e0 vos int\u00e9r\u00eats. .<\/p>\n<p><strong>Combien de temps les cookies sont-ils actifs ?<\/strong><\/p>\n<p><strong>Il existe essentiellement deux types de cookies :<\/strong><\/p>\n<p>Les cookies de session, qui expirent lorsque vous quittez la page ou fermez le navigateur, c&rsquo;est-\u00e0-dire qu&rsquo;ils sont actifs pendant toute la dur\u00e9e de votre visite sur notre site Web. Ils sont effac\u00e9s lorsque vous \u00e9teignez l&rsquo;appareil.<br \/>\nLes permanents, qui expirent lorsque l&rsquo;objectif pour lequel ils servent sont remplis ou lorsqu&rsquo;ils sont supprim\u00e9s manuellement, ont tous une date de suppression automatique et sont normalement utilis\u00e9s dans les processus d&rsquo;achat en ligne, de personnalisations ou d&rsquo;enregistrement, afin de ne pas avoir \u00e0 saisir le mot de passe en permanence.<\/p>\n<p><strong>Pourquoi utilisons-nous des cookies sur www.eltexbcn.com ?<\/strong><\/p>\n<p>Nous utilisons des cookies \u00e0 diff\u00e9rentes fins, qui sont essentiellement les suivantes\u00a0:<\/p>\n<ul>\n<li>Techniques : elles sont n\u00e9cessaires pour que vous puissiez naviguer correctement sur le Web et acc\u00e9der \u00e0 toutes les sections sans probl\u00e8me.<\/li>\n<li>Analyse : ils nous permettent de comprendre comment vous naviguez sur notre site Internet, de voir ce qui fonctionne et ce qui ne fonctionne pas, d&rsquo;am\u00e9liorer le site Internet, de calculer le nombre de personnes qui le visitent, afin d&rsquo;am\u00e9liorer les services que nous pouvons vous proposer. Ces informations sont anonymes et nous n\u2019en avons besoin qu\u2019\u00e0 des fins statistiques.<\/li>\n<li>Plugins de r\u00e9seaux sociaux : facilitez l&rsquo;acc\u00e8s \u00e0 nos canaux de r\u00e9seaux sociaux afin que vous puissiez vous tenir au courant des conseils et des actualit\u00e9s, ainsi que participer \u00e0 notre communaut\u00e9 en ligne.<\/li>\n<li>Publicit\u00e9 : Parfois, nous analysons vos pr\u00e9f\u00e9rences sur le Web afin de vous montrer des publicit\u00e9s li\u00e9es \u00e0 vos go\u00fbts. De cette fa\u00e7on, nous ne vous faisons pas perdre de temps avec des offres qui ne vous sont pas vraiment utiles.<\/li>\n<\/ul>\n<p><strong>COMMENT CONFIGURER\/D\u00c9SACTIVER LES COOKIES<\/strong><\/p>\n<p><strong>Vous souhaitez d\u00e9sactiver les cookies dans votre navigateur ?<\/strong><\/p>\n<p>Les navigateurs autorisent g\u00e9n\u00e9ralement les cookies par d\u00e9faut. Lorsque vous naviguez sur le Web, vous acceptez l&rsquo;utilisation de cookies. Cependant, c&rsquo;est vous qui d\u00e9cidez si vous souhaitez naviguer avec ou sans cookies, puisque vos pr\u00e9f\u00e9rences peuvent \u00eatre modifi\u00e9es \u00e0 tout moment.<\/p>\n","protected":false},"excerpt":{"rendered":"<p>Politique de cookies POLITIQUE D\u2019IDENTIFICATION ET DE COOKIES La soci\u00e9t\u00e9 Textil Eltex S.L. , avec CIF B64125677, si\u00e8ge social \u00e0 Matar\u00f3 (Barcelone) 08302, Via Sergia, 69 1er \u00e9tage, et inscrite au Registre du Commerce de Barcelone au Tome 38.354, Folio 18, Feuille B 323.097 Sur notre site internet nous utilisons nos propres cookies qui nous [&hellip;]<\/p>\n","protected":false},"author":1,"featured_media":0,"parent":0,"menu_order":0,"comment_status":"closed","ping_status":"closed","template":"","meta":{"footnotes":""},"class_list":["post-240","page","type-page","status-publish","hentry"],"yoast_head":"<!-- This site is optimized with the Yoast SEO plugin v27.3 - https:\/\/yoast.com\/product\/yoast-seo-wordpress\/ -->\n<title>Politique de cookies - Textil Eltex Barcelona<\/title>\n<meta name=\"robots\" content=\"index, follow, max-snippet:-1, max-image-preview:large, max-video-preview:-1\" \/>\n<link rel=\"canonical\" href=\"https:\/\/www.eltexbcn.com\/fr\/politique-de-cookies\/\" \/>\n<meta property=\"og:locale\" content=\"fr_FR\" \/>\n<meta property=\"og:type\" content=\"article\" \/>\n<meta property=\"og:title\" content=\"Politique de cookies - Textil Eltex Barcelona\" \/>\n<meta property=\"og:description\" content=\"Politique de cookies POLITIQUE D\u2019IDENTIFICATION ET DE COOKIES La soci\u00e9t\u00e9 Textil Eltex S.L. , avec CIF B64125677, si\u00e8ge social \u00e0 Matar\u00f3 (Barcelone) 08302, Via Sergia, 69 1er \u00e9tage, et inscrite au Registre du Commerce de Barcelone au Tome 38.354, Folio 18, Feuille B 323.097 Sur notre site internet nous utilisons nos propres cookies qui nous [&hellip;]\" \/>\n<meta property=\"og:url\" content=\"https:\/\/www.eltexbcn.com\/fr\/politique-de-cookies\/\" \/>\n<meta property=\"og:site_name\" content=\"Textil Eltex Barcelona\" \/>\n<meta property=\"article:modified_time\" content=\"2023-11-14T10:52:17+00:00\" \/>\n<meta name=\"twitter:card\" content=\"summary_large_image\" \/>\n<meta name=\"twitter:label1\" content=\"Dur\u00e9e de lecture estim\u00e9e\" \/>\n\t<meta name=\"twitter:data1\" content=\"4 minutes\" \/>\n<script type=\"application\/ld+json\" class=\"yoast-schema-graph\">{\"@context\":\"https:\\\/\\\/schema.org\",\"@graph\":[{\"@type\":\"WebPage\",\"@id\":\"https:\\\/\\\/www.eltexbcn.com\\\/fr\\\/politique-de-cookies\\\/\",\"url\":\"https:\\\/\\\/www.eltexbcn.com\\\/fr\\\/politique-de-cookies\\\/\",\"name\":\"Politique de cookies - Textil Eltex Barcelona\",\"isPartOf\":{\"@id\":\"https:\\\/\\\/www.eltexbcn.com\\\/fr\\\/#website\"},\"datePublished\":\"2023-10-23T11:47:40+00:00\",\"dateModified\":\"2023-11-14T10:52:17+00:00\",\"breadcrumb\":{\"@id\":\"https:\\\/\\\/www.eltexbcn.com\\\/fr\\\/politique-de-cookies\\\/#breadcrumb\"},\"inLanguage\":\"fr-FR\",\"potentialAction\":[{\"@type\":\"ReadAction\",\"target\":[\"https:\\\/\\\/www.eltexbcn.com\\\/fr\\\/politique-de-cookies\\\/\"]}]},{\"@type\":\"BreadcrumbList\",\"@id\":\"https:\\\/\\\/www.eltexbcn.com\\\/fr\\\/politique-de-cookies\\\/#breadcrumb\",\"itemListElement\":[{\"@type\":\"ListItem\",\"position\":1,\"name\":\"Home\",\"item\":\"https:\\\/\\\/www.eltexbcn.com\\\/fr\\\/home\\\/\"},{\"@type\":\"ListItem\",\"position\":2,\"name\":\"Politique de cookies\"}]},{\"@type\":\"WebSite\",\"@id\":\"https:\\\/\\\/www.eltexbcn.com\\\/fr\\\/#website\",\"url\":\"https:\\\/\\\/www.eltexbcn.com\\\/fr\\\/\",\"name\":\"Textil Eltex Barcelona\",\"description\":\"\",\"potentialAction\":[{\"@type\":\"SearchAction\",\"target\":{\"@type\":\"EntryPoint\",\"urlTemplate\":\"https:\\\/\\\/www.eltexbcn.com\\\/fr\\\/?s={search_term_string}\"},\"query-input\":{\"@type\":\"PropertyValueSpecification\",\"valueRequired\":true,\"valueName\":\"search_term_string\"}}],\"inLanguage\":\"fr-FR\"}]}<\/script>\n<!-- \/ Yoast SEO plugin. -->","yoast_head_json":{"title":"Politique de cookies - Textil Eltex Barcelona","robots":{"index":"index","follow":"follow","max-snippet":"max-snippet:-1","max-image-preview":"max-image-preview:large","max-video-preview":"max-video-preview:-1"},"canonical":"https:\/\/www.eltexbcn.com\/fr\/politique-de-cookies\/","og_locale":"fr_FR","og_type":"article","og_title":"Politique de cookies - Textil Eltex Barcelona","og_description":"Politique de cookies POLITIQUE D\u2019IDENTIFICATION ET DE COOKIES La soci\u00e9t\u00e9 Textil Eltex S.L. , avec CIF B64125677, si\u00e8ge social \u00e0 Matar\u00f3 (Barcelone) 08302, Via Sergia, 69 1er \u00e9tage, et inscrite au Registre du Commerce de Barcelone au Tome 38.354, Folio 18, Feuille B 323.097 Sur notre site internet nous utilisons nos propres cookies qui nous [&hellip;]","og_url":"https:\/\/www.eltexbcn.com\/fr\/politique-de-cookies\/","og_site_name":"Textil Eltex Barcelona","article_modified_time":"2023-11-14T10:52:17+00:00","twitter_card":"summary_large_image","twitter_misc":{"Dur\u00e9e de lecture estim\u00e9e":"4 minutes"},"schema":{"@context":"https:\/\/schema.org","@graph":[{"@type":"WebPage","@id":"https:\/\/www.eltexbcn.com\/fr\/politique-de-cookies\/","url":"https:\/\/www.eltexbcn.com\/fr\/politique-de-cookies\/","name":"Politique de cookies - Textil Eltex Barcelona","isPartOf":{"@id":"https:\/\/www.eltexbcn.com\/fr\/#website"},"datePublished":"2023-10-23T11:47:40+00:00","dateModified":"2023-11-14T10:52:17+00:00","breadcrumb":{"@id":"https:\/\/www.eltexbcn.com\/fr\/politique-de-cookies\/#breadcrumb"},"inLanguage":"fr-FR","potentialAction":[{"@type":"ReadAction","target":["https:\/\/www.eltexbcn.com\/fr\/politique-de-cookies\/"]}]},{"@type":"BreadcrumbList","@id":"https:\/\/www.eltexbcn.com\/fr\/politique-de-cookies\/#breadcrumb","itemListElement":[{"@type":"ListItem","position":1,"name":"Home","item":"https:\/\/www.eltexbcn.com\/fr\/home\/"},{"@type":"ListItem","position":2,"name":"Politique de cookies"}]},{"@type":"WebSite","@id":"https:\/\/www.eltexbcn.com\/fr\/#website","url":"https:\/\/www.eltexbcn.com\/fr\/","name":"Textil Eltex Barcelona","description":"","potentialAction":[{"@type":"SearchAction","target":{"@type":"EntryPoint","urlTemplate":"https:\/\/www.eltexbcn.com\/fr\/?s={search_term_string}"},"query-input":{"@type":"PropertyValueSpecification","valueRequired":true,"valueName":"search_term_string"}}],"inLanguage":"fr-FR"}]}},"_links":{"self":[{"href":"https:\/\/www.eltexbcn.com\/fr\/wp-json\/wp\/v2\/pages\/240","targetHints":{"allow":["GET"]}}],"collection":[{"href":"https:\/\/www.eltexbcn.com\/fr\/wp-json\/wp\/v2\/pages"}],"about":[{"href":"https:\/\/www.eltexbcn.com\/fr\/wp-json\/wp\/v2\/types\/page"}],"author":[{"embeddable":true,"href":"https:\/\/www.eltexbcn.com\/fr\/wp-json\/wp\/v2\/users\/1"}],"replies":[{"embeddable":true,"href":"https:\/\/www.eltexbcn.com\/fr\/wp-json\/wp\/v2\/comments?post=240"}],"version-history":[{"count":0,"href":"https:\/\/www.eltexbcn.com\/fr\/wp-json\/wp\/v2\/pages\/240\/revisions"}],"wp:attachment":[{"href":"https:\/\/www.eltexbcn.com\/fr\/wp-json\/wp\/v2\/media?parent=240"}],"curies":[{"name":"wp","href":"https:\/\/api.w.org\/{rel}","templated":true}]}}