{"id":238,"date":"2023-10-23T11:48:31","date_gmt":"2023-10-23T11:48:31","guid":{"rendered":"https:\/\/www.eltexbcn.com\/aviso-legal\/"},"modified":"2023-11-14T10:46:10","modified_gmt":"2023-11-14T10:46:10","slug":"avis-juridique","status":"publish","type":"page","link":"https:\/\/www.eltexbcn.com\/fr\/avis-juridique\/","title":{"rendered":"Avis juridique"},"content":{"rendered":"<h1 class=\"western\" align=\"center\">Avis juridique<\/h1>\n<p>Pour respecter l&rsquo;article 10 de la loi 34\/2002 sur les services de la soci\u00e9t\u00e9 de l&rsquo;information et le commerce \u00e9lectronique, nous informons les utilisateurs de nos donn\u00e9es :<\/p>\n<p>Nom de l\u2019entreprise: <strong>Textil Eltex S.L.<\/strong> avec <strong>CIF B64125677<\/strong>, et donn\u00e9es d&rsquo;enregistrement et inscrite au Registre du Commerce de Barcelone dans le tome 38.354, folio 18, feuille B 323.097<\/p>\n<p><strong>Adresse :<\/strong> Matar\u00f3 (Barcelone) 08302, Via Sergia, 69 1er \u00e9tage<br \/>\n<strong>Courriel\u00a0:<\/strong> info@eltex.com<\/p>\n<p><strong>Web :<\/strong> www.eltexbcn.com<\/p>\n<p><strong>OBJET<\/strong><\/p>\n<p><strong>Textil Eltex S.L<\/strong> (d\u00e9sormais \u00e9galement fournisseur), en tant que responsable du site Web, met \u00e0 la disposition des utilisateurs ce document qui r\u00e9git l&rsquo;utilisation du site Web www.eltexbcn.com, avec lequel nous entendons respecter les obligations qu&rsquo;il pr\u00e9voit. 34\/2002 sur les services de la soci\u00e9t\u00e9 de l&rsquo;information et du commerce \u00e9lectronique (LSSICE ou LSSI), ainsi que d&rsquo;informer tous les utilisateurs du site Web des conditions d&rsquo;utilisation du site Web.<\/p>\n<p>\u00c0 travers le site Web, <strong>Textil Eltex S.L<\/strong> offre aux utilisateurs l&rsquo;acc\u00e8s et l&rsquo;utilisation de diff\u00e9rents services et contenus mis \u00e0 disposition via le site Web.<\/p>\n<p>Toute personne qui acc\u00e8de \u00e0 ce site Web assume la qualit\u00e9 d&rsquo;utilisateur (ci-apr\u00e8s l&rsquo;utilisateur) et implique l&rsquo;acceptation totale et sans r\u00e9serve de chacune des dispositions incluses dans le pr\u00e9sent avis l\u00e9gal, ainsi que de toute autre disposition l\u00e9gale qui pourrait \u00eatre applicable.<\/p>\n<p>En tant qu&rsquo;utilisateurs, vous devez lire attentivement cet avis juridique \u00e0 chaque fois que vous entrez sur le site Web, car il peut \u00eatre modifi\u00e9 puisque le fournisseur se r\u00e9serve le droit de modifier tout type d&rsquo;information qui peut appara\u00eetre sur le site Web, sans qu&rsquo;il y ait une obligation de notification ou d&rsquo;information. utilisateurs de ces obligations, la publication sur le site internet du prestataire \u00e9tant suffisante.<\/p>\n<p><strong>CONDITIONS D&rsquo;ACC\u00c8S ET D&rsquo;UTILISATION DU SITE WEB<\/strong><\/p>\n<p><strong>2.1. Caract\u00e8re gratuit de l&rsquo;acc\u00e8s et de l&rsquo;utilisation du site Internet.<\/strong><\/p>\n<p>La fourniture de services par Textil Eltex S.L est gratuite pour tous les utilisateurs.<\/p>\n<p><strong>2.2. Registre des utilisateurs.<\/strong><\/p>\n<p>D\u2019une mani\u00e8re g\u00e9n\u00e9rale, la fourniture des Services ne n\u00e9cessite pas d\u2019abonnement ni d\u2019enregistrement pr\u00e9alable des Utilisateurs.<\/p>\n<p><strong>23. V\u00e9racit\u00e9 des informations.<\/strong><\/p>\n<p>Toutes les informations fournies par l&rsquo;Utilisateur doivent \u00eatre v\u00e9ridiques. A ces fins, l&rsquo;Utilisateur garantit l&rsquo;authenticit\u00e9 des donn\u00e9es communiqu\u00e9es au travers des formulaires de souscription aux Services. Il sera de la responsabilit\u00e9 de l&rsquo;Utilisateur de maintenir \u00e0 jour en permanence toutes les informations fournies \u00e0 <strong>Textil Eltex S.L<\/strong> afin qu&rsquo;elles r\u00e9pondent, \u00e0 tout moment, \u00e0 sa situation r\u00e9elle. En tout \u00e9tat de cause, l&rsquo;Utilisateur sera seul responsable des d\u00e9clarations fausses ou inexactes faites et de tout dommage caus\u00e9 au prestataire ou \u00e0 des tiers.<\/p>\n<p><strong>2.4. Mineurs.<\/strong><\/p>\n<p>Pour utiliser les services, les mineurs doivent toujours obtenir le consentement pr\u00e9alable des parents, tuteurs ou repr\u00e9sentants l\u00e9gaux, qui sont en dernier ressort responsables de tous les actes accomplis par les mineurs dont ils ont la garde. La responsabilit\u00e9 de d\u00e9terminer les contenus sp\u00e9cifiques auxquels les mineurs acc\u00e8dent leur revient, c&rsquo;est pourquoi, s&rsquo;ils acc\u00e8dent \u00e0 des contenus qui ne sont pas appropri\u00e9s pour Internet, des m\u00e9canismes doivent \u00eatre \u00e9tablis sur leur ordinateur, notamment des programmes informatiques, des filtres et des blocages, qui permettent de limiter la contenus disponibles et, bien qu&rsquo;ils ne soient pas infaillibles, ils sont particuli\u00e8rement utiles pour contr\u00f4ler et restreindre les mat\u00e9riels auxquels les mineurs peuvent acc\u00e9der.<\/p>\n<p><strong>2.5. Obligation de faire un usage correct du site Internet.<\/strong><\/p>\n<p>L&rsquo;Utilisateur s&rsquo;engage \u00e0 utiliser le site Internet conform\u00e9ment \u00e0 la Loi et aux pr\u00e9sentes Mentions L\u00e9gales, ainsi qu&rsquo;aux bonnes m\u0153urs et bonnes m\u0153urs. En effet, l&rsquo;Utilisateur s&rsquo;abstiendra d&rsquo;utiliser la page \u00e0 des fins ill\u00e9gales ou interdites, pr\u00e9judiciables aux droits et int\u00e9r\u00eats de tiers, ou qui pourraient de quelque mani\u00e8re que ce soit endommager, d\u00e9sactiver, surcharger, d\u00e9t\u00e9riorer ou emp\u00eacher l&rsquo;utilisation normale de l&rsquo;\u00e9quipement informatique ou des documents. , fichiers et tous types de contenus stock\u00e9s sur tout \u00e9quipement informatique du fournisseur.<\/p>\n<p>Notamment et \u00e0 titre indicatif mais non exhaustif, l&rsquo;Utilisateur s&rsquo;engage \u00e0 ne pas transmettre, diffuser ou mettre \u00e0 disposition de tiers des informations, donn\u00e9es, contenus, messages, graphiques, dessins, fichiers sonores ou images, photographies, enregistrements, logiciels et En g\u00e9n\u00e9ral, tout type de mat\u00e9riel qui\u00a0:<\/p>\n<p>(A) est contraire, rabaisse ou viole les droits fondamentaux et les libert\u00e9s publiques reconnus constitutionnellement, dans les trait\u00e9s internationaux et autres r\u00e9glementations en vigueur\u00a0;<\/p>\n<p>(B) induit, incite ou promeut des actions criminelles, d\u00e9nigrantes, diffamatoires, violentes ou, en g\u00e9n\u00e9ral, contraires \u00e0 la loi, aux bonnes m\u0153urs et \u00e0 l&rsquo;ordre public\u00a0;<\/p>\n<p>(C) induit, incite ou promeut des actions, attitudes ou pens\u00e9es discriminatoires fond\u00e9es sur le sexe, la race, la religion, les croyances, l&rsquo;\u00e2ge ou la condition\u00a0;<\/p>\n<p>(D) est contraire au droit \u00e0 l&rsquo;honneur, \u00e0 la vie priv\u00e9e ou familiale ou \u00e0 l&rsquo;image d&rsquo;une personne\u00a0;<\/p>\n<p>(E) porte atteinte de quelque mani\u00e8re que ce soit \u00e0 la cr\u00e9dibilit\u00e9 du fournisseur ou de tiers\u00a0; et<\/p>\n<p>(F) constitue une publicit\u00e9 ill\u00e9gale, trompeuse ou d\u00e9loyale.<\/p>\n<ol start=\"3\">\n<li><strong>EXCLUSION DE GARANTIES ET DE RESPONSABILIT\u00c9<\/strong>\n<p>Le fournisseur est exon\u00e9r\u00e9 de tout type de responsabilit\u00e9 d\u00e9riv\u00e9e des informations publi\u00e9es sur notre site Web, \u00e0 condition que ces informations aient \u00e9t\u00e9 manipul\u00e9es ou introduites par un tiers ind\u00e9pendant.<\/p>\n<p>Ce site Web a \u00e9t\u00e9 r\u00e9vis\u00e9 et test\u00e9 afin de fonctionner correctement. En principe, le bon fonctionnement peut \u00eatre garanti 365 jours par an, 24 heures sur 24. Cependant, le fournisseur n&rsquo;exclut pas la possibilit\u00e9 que certaines erreurs de programmation se produisent, ou que des cas de force majeure, des catastrophes naturelles, des gr\u00e8ves ou des circonstances similaires puissent survenir rendant impossible l&rsquo;acc\u00e8s au site Web.<\/p>\n<p>Textil Eltex S.L n&rsquo;accorde aucune garantie et n&rsquo;est en aucun cas responsable des dommages de toute nature qui pourraient d\u00e9couler du manque de disponibilit\u00e9, de maintenance et de fonctionnement efficace du site Web ou de ses services et contenus ; de l&rsquo;existence de virus, de programmes malveillants ou nuisibles dans les contenus\u00a0; d&rsquo;une utilisation illicite, n\u00e9gligente, frauduleuse ou contraire aux pr\u00e9sentes Mentions L\u00e9gales et aux conditions d&rsquo;utilisation ; ou le manque de l\u00e9galit\u00e9, de qualit\u00e9, de fiabilit\u00e9, d&rsquo;utilit\u00e9 et de disponibilit\u00e9 des services fournis par des tiers et mis \u00e0 disposition des utilisateurs sur le site Internet.<\/p>\n<p>Le fournisseur n&rsquo;est en aucun cas responsable des dommages pouvant r\u00e9sulter d&rsquo;une utilisation ill\u00e9gale ou inappropri\u00e9e de ce site Web.<\/p>\n<p><strong>BISCUITS<\/strong><\/p>\n<p>Le site Internet du fournisseur peut utiliser des cookies (petits fichiers d&rsquo;informations que le serveur envoie \u00e0 l&rsquo;ordinateur de la personne acc\u00e9dant \u00e0 la page) pour r\u00e9aliser certaines fonctions consid\u00e9r\u00e9es comme essentielles au bon fonctionnement et \u00e0 l&rsquo;affichage du site. Les cookies utilis\u00e9s sont en tout cas de nature temporaire, dans le seul but de rendre la navigation plus efficace et disparaissent \u00e0 la fin de la session de l&rsquo;utilisateur. En aucun cas les cookies ne seront utilis\u00e9s pour collecter des informations personnelles. Pour plus d\u2019informations, consultez notre Politique en mati\u00e8re de cookies.<\/li>\n<\/ol>\n<ol start=\"5\">\n<li><strong>LIENS (LIENS)<\/strong>\n<p>\u00c0 partir du site Web, vous pouvez \u00eatre redirig\u00e9 vers du contenu sponsoris\u00e9, des publicit\u00e9s et\/ou des liens d&rsquo;affiliation et\/ou des sites Web de tiers.<\/p>\n<p>Parmi les liens propos\u00e9s, il y a la possibilit\u00e9 d&rsquo;informer ou de renvoyer \u00e0 des produits et\/ou services tiers. \u00c9tant donn\u00e9 que nous ne pouvons pas contr\u00f4ler le contenu introduit par des tiers sur le site Web, Textil Eltex S.L n&rsquo;assume aucune responsabilit\u00e9 concernant ledit contenu et ne garantit pas non plus l&rsquo;exp\u00e9rience, l&rsquo;int\u00e9grit\u00e9 ou la qualit\u00e9 de ses produits. Dans tous les cas, le fournisseur d\u00e9clare qu&rsquo;il proc\u00e9dera au retrait imm\u00e9diat de tout contenu susceptible de contrevenir \u00e0 la l\u00e9gislation nationale ou internationale, aux bonnes m\u0153urs ou \u00e0 l&rsquo;ordre public, en proc\u00e9dant au retrait imm\u00e9diat de la redirection vers ces sites Web, en informant les autorit\u00e9s comp\u00e9tentes du contenu. Dans la question<\/p>\n<p>Textil Eltex S.L fera publier ces liens jusqu&rsquo;\u00e0 ce qu&rsquo;ils soient \u00e9limin\u00e9s ou suspendus par le fournisseur ou l&rsquo;annonceur, et ne sera pas responsable m\u00eame si ces publicit\u00e9s peuvent \u00eatre index\u00e9es par d&rsquo;autres moteurs de recherche en dehors de ce site Web.<\/p>\n<p>Le fournisseur n&rsquo;est pas responsable des informations et des contenus stock\u00e9s, \u00e0 titre d&rsquo;exemple mais non limitatif, dans les forums, chats, g\u00e9n\u00e9rateurs de blogs, commentaires, r\u00e9seaux sociaux ou tout autre moyen permettant \u00e0 des tiers de publier du contenu de mani\u00e8re ind\u00e9pendante sur le site Internet du fournisseur. pr\u00eateur. Toutefois, et conform\u00e9ment aux dispositions de l&rsquo;art. 11 et 16 de la LSSICE, le fournisseur se met \u00e0 la disposition de tous les utilisateurs, autorit\u00e9s et forces de s\u00e9curit\u00e9, et collabore activement au retrait ou, le cas \u00e9ch\u00e9ant, au blocage de tout contenu susceptible d&rsquo;affecter ou de contrevenir \u00e0 la l\u00e9gislation nationale ou internationale, de tiers. droits ou moralit\u00e9 et ordre public. Si l&rsquo;utilisateur estime qu&rsquo;il peut y avoir un contenu susceptible d&rsquo;\u00eatre class\u00e9 dans cette cat\u00e9gorie, il est pri\u00e9 d&rsquo;en informer imm\u00e9diatement l&rsquo;administrateur du site Web.<\/p>\n<p>Cependant, Textil Eltex S.L vous informe que toute relation contractuelle ou extracontractuelle que l&rsquo;utilisateur formalise avec ces tiers, affili\u00e9s ou annonceurs \u00e0 travers le lien fourni par ce site Web, sera valable uniquement et exclusivement entre l&rsquo;utilisateur et l&rsquo;annonceur et\/ou un tiers et Textil Eltex S.L n&rsquo;auront aucune responsabilit\u00e9 pour les dommages ou pertes qui pourraient \u00eatre caus\u00e9s par la fourniture de services et\/ou les relations contractuelles ou extracontractuelles \u00e9tablies entre l&rsquo;utilisateur et les annonceurs ou tiers contact\u00e9s \u00e0 travers ce site. portail puisque le fournisseur agit uniquement en tant qu\u2019interm\u00e9diaire ou support publicitaire.<\/li>\n<\/ol>\n<ol start=\"6\">\n<li><strong>PROTECTION DES DONN\u00c9ES PERSONNELLES<\/strong>\n<p>Le fournisseur est profond\u00e9ment engag\u00e9 dans le respect de la r\u00e9glementation sur la protection des donn\u00e9es personnelles et garantit le plein respect des obligations \u00e9tablies, ainsi que la mise en \u0153uvre des mesures de s\u00e9curit\u00e9 pr\u00e9vues dans le r\u00e8glement europ\u00e9en sur la protection des donn\u00e9es et dans la r\u00e9glementation espagnole sur la protection des donn\u00e9es. Pour plus d\u2019informations, consultez notre Politique de confidentialit\u00e9.<\/li>\n<li><strong>PROPRI\u00c9T\u00c9 INTELLECTUELLE ET INDUSTRIELLE<\/strong>\n<p>Le site Internet, comprenant mais sans s&rsquo;y limiter : la programmation, l&rsquo;\u00e9dition, la compilation et autres \u00e9l\u00e9ments n\u00e9cessaires \u00e0 son fonctionnement, les designs, logos, textes, photographies et\/ou graphiques sont la propri\u00e9t\u00e9 du prestataire ou, le cas \u00e9ch\u00e9ant, n\u00e9cessaire, dispose de la licence expresse ou autorisation des auteurs. Tous les contenus du site Web sont d\u00fbment prot\u00e9g\u00e9s par la r\u00e9glementation en mati\u00e8re de propri\u00e9t\u00e9 intellectuelle et industrielle.<\/p>\n<p>Quelle que soit la finalit\u00e9 pour laquelle ils sont destin\u00e9s, la reproduction totale ou partielle, l&rsquo;utilisation, la distribution et la communication publique n\u00e9cessitent l&rsquo;autorisation \u00e9crite pr\u00e9alable du fournisseur. Toute utilisation non pr\u00e9alablement autoris\u00e9e par le prestataire sera consid\u00e9r\u00e9e comme une violation grave des droits de propri\u00e9t\u00e9 intellectuelle ou industrielle de l&rsquo;auteur.<\/p>\n<p>Les dessins, logos, textes et\/ou graphiques autres que ceux du prestataire et susceptibles de figurer sur le site appartiennent \u00e0 leurs propri\u00e9taires respectifs, qui sont eux-m\u00eames responsables de toute \u00e9ventuelle controverse qui pourrait surgir \u00e0 leur sujet. En tout \u00e9tat de cause, le prestataire dispose de l&rsquo;autorisation expresse et pr\u00e9alable de leur part.<\/p>\n<p>du m\u00eame.<\/p>\n<p>Pour faire tout type d&rsquo;observation concernant d&rsquo;\u00e9ventuelles violations des droits de propri\u00e9t\u00e9 intellectuelle ou industrielle, ainsi que sur tout contenu du site Web, vous pouvez le faire via l&rsquo;e-mail indiqu\u00e9 ci-dessus.<\/li>\n<\/ol>\n<ol start=\"8\">\n<li><strong>LOI APPLICABLE ET JURIDICTION<\/strong>\n<p>Pour la r\u00e9solution des controverses ou des probl\u00e8mes li\u00e9s \u00e0 ce site Web ou aux activit\u00e9s qui y sont r\u00e9alis\u00e9es, la l\u00e9gislation espagnole s&rsquo;appliquera, \u00e0 laquelle les parties se soumettent express\u00e9ment, \u00e9tant comp\u00e9tentes pour la r\u00e9solution de tous les conflits d\u00e9riv\u00e9s ou li\u00e9s. Avec son recours aux Cours et Tribunaux de Barcelone.<\/li>\n<\/ol>\n","protected":false},"excerpt":{"rendered":"<p>Avis juridique Pour respecter l&rsquo;article 10 de la loi 34\/2002 sur les services de la soci\u00e9t\u00e9 de l&rsquo;information et le commerce \u00e9lectronique, nous informons les utilisateurs de nos donn\u00e9es : Nom de l\u2019entreprise: Textil Eltex S.L. avec CIF B64125677, et donn\u00e9es d&rsquo;enregistrement et inscrite au Registre du Commerce de Barcelone dans le tome 38.354, folio [&hellip;]<\/p>\n","protected":false},"author":1,"featured_media":0,"parent":0,"menu_order":0,"comment_status":"closed","ping_status":"closed","template":"","meta":{"footnotes":""},"class_list":["post-238","page","type-page","status-publish","hentry"],"yoast_head":"<!-- This site is optimized with the Yoast SEO plugin v27.4 - https:\/\/yoast.com\/product\/yoast-seo-wordpress\/ -->\n<title>Avis juridique - Textil Eltex Barcelona<\/title>\n<meta name=\"robots\" content=\"index, follow, max-snippet:-1, max-image-preview:large, max-video-preview:-1\" \/>\n<link rel=\"canonical\" href=\"https:\/\/www.eltexbcn.com\/fr\/avis-juridique\/\" \/>\n<meta property=\"og:locale\" content=\"fr_FR\" \/>\n<meta property=\"og:type\" content=\"article\" \/>\n<meta property=\"og:title\" content=\"Avis juridique - Textil Eltex Barcelona\" \/>\n<meta property=\"og:description\" content=\"Avis juridique Pour respecter l&rsquo;article 10 de la loi 34\/2002 sur les services de la soci\u00e9t\u00e9 de l&rsquo;information et le commerce \u00e9lectronique, nous informons les utilisateurs de nos donn\u00e9es : Nom de l\u2019entreprise: Textil Eltex S.L. avec CIF B64125677, et donn\u00e9es d&rsquo;enregistrement et inscrite au Registre du Commerce de Barcelone dans le tome 38.354, folio [&hellip;]\" \/>\n<meta property=\"og:url\" content=\"https:\/\/www.eltexbcn.com\/fr\/avis-juridique\/\" \/>\n<meta property=\"og:site_name\" content=\"Textil Eltex Barcelona\" \/>\n<meta property=\"article:modified_time\" content=\"2023-11-14T10:46:10+00:00\" \/>\n<meta name=\"twitter:card\" content=\"summary_large_image\" \/>\n<meta name=\"twitter:label1\" content=\"Dur\u00e9e de lecture estim\u00e9e\" \/>\n\t<meta name=\"twitter:data1\" content=\"9 minutes\" \/>\n<script type=\"application\/ld+json\" class=\"yoast-schema-graph\">{\"@context\":\"https:\\\/\\\/schema.org\",\"@graph\":[{\"@type\":\"WebPage\",\"@id\":\"https:\\\/\\\/www.eltexbcn.com\\\/fr\\\/avis-juridique\\\/\",\"url\":\"https:\\\/\\\/www.eltexbcn.com\\\/fr\\\/avis-juridique\\\/\",\"name\":\"Avis juridique - Textil Eltex Barcelona\",\"isPartOf\":{\"@id\":\"https:\\\/\\\/www.eltexbcn.com\\\/fr\\\/#website\"},\"datePublished\":\"2023-10-23T11:48:31+00:00\",\"dateModified\":\"2023-11-14T10:46:10+00:00\",\"breadcrumb\":{\"@id\":\"https:\\\/\\\/www.eltexbcn.com\\\/fr\\\/avis-juridique\\\/#breadcrumb\"},\"inLanguage\":\"fr-FR\",\"potentialAction\":[{\"@type\":\"ReadAction\",\"target\":[\"https:\\\/\\\/www.eltexbcn.com\\\/fr\\\/avis-juridique\\\/\"]}]},{\"@type\":\"BreadcrumbList\",\"@id\":\"https:\\\/\\\/www.eltexbcn.com\\\/fr\\\/avis-juridique\\\/#breadcrumb\",\"itemListElement\":[{\"@type\":\"ListItem\",\"position\":1,\"name\":\"Home\",\"item\":\"https:\\\/\\\/www.eltexbcn.com\\\/fr\\\/home\\\/\"},{\"@type\":\"ListItem\",\"position\":2,\"name\":\"Avis juridique\"}]},{\"@type\":\"WebSite\",\"@id\":\"https:\\\/\\\/www.eltexbcn.com\\\/fr\\\/#website\",\"url\":\"https:\\\/\\\/www.eltexbcn.com\\\/fr\\\/\",\"name\":\"Textil Eltex Barcelona\",\"description\":\"\",\"potentialAction\":[{\"@type\":\"SearchAction\",\"target\":{\"@type\":\"EntryPoint\",\"urlTemplate\":\"https:\\\/\\\/www.eltexbcn.com\\\/fr\\\/?s={search_term_string}\"},\"query-input\":{\"@type\":\"PropertyValueSpecification\",\"valueRequired\":true,\"valueName\":\"search_term_string\"}}],\"inLanguage\":\"fr-FR\"}]}<\/script>\n<!-- \/ Yoast SEO plugin. -->","yoast_head_json":{"title":"Avis juridique - Textil Eltex Barcelona","robots":{"index":"index","follow":"follow","max-snippet":"max-snippet:-1","max-image-preview":"max-image-preview:large","max-video-preview":"max-video-preview:-1"},"canonical":"https:\/\/www.eltexbcn.com\/fr\/avis-juridique\/","og_locale":"fr_FR","og_type":"article","og_title":"Avis juridique - Textil Eltex Barcelona","og_description":"Avis juridique Pour respecter l&rsquo;article 10 de la loi 34\/2002 sur les services de la soci\u00e9t\u00e9 de l&rsquo;information et le commerce \u00e9lectronique, nous informons les utilisateurs de nos donn\u00e9es : Nom de l\u2019entreprise: Textil Eltex S.L. avec CIF B64125677, et donn\u00e9es d&rsquo;enregistrement et inscrite au Registre du Commerce de Barcelone dans le tome 38.354, folio [&hellip;]","og_url":"https:\/\/www.eltexbcn.com\/fr\/avis-juridique\/","og_site_name":"Textil Eltex Barcelona","article_modified_time":"2023-11-14T10:46:10+00:00","twitter_card":"summary_large_image","twitter_misc":{"Dur\u00e9e de lecture estim\u00e9e":"9 minutes"},"schema":{"@context":"https:\/\/schema.org","@graph":[{"@type":"WebPage","@id":"https:\/\/www.eltexbcn.com\/fr\/avis-juridique\/","url":"https:\/\/www.eltexbcn.com\/fr\/avis-juridique\/","name":"Avis juridique - Textil Eltex Barcelona","isPartOf":{"@id":"https:\/\/www.eltexbcn.com\/fr\/#website"},"datePublished":"2023-10-23T11:48:31+00:00","dateModified":"2023-11-14T10:46:10+00:00","breadcrumb":{"@id":"https:\/\/www.eltexbcn.com\/fr\/avis-juridique\/#breadcrumb"},"inLanguage":"fr-FR","potentialAction":[{"@type":"ReadAction","target":["https:\/\/www.eltexbcn.com\/fr\/avis-juridique\/"]}]},{"@type":"BreadcrumbList","@id":"https:\/\/www.eltexbcn.com\/fr\/avis-juridique\/#breadcrumb","itemListElement":[{"@type":"ListItem","position":1,"name":"Home","item":"https:\/\/www.eltexbcn.com\/fr\/home\/"},{"@type":"ListItem","position":2,"name":"Avis juridique"}]},{"@type":"WebSite","@id":"https:\/\/www.eltexbcn.com\/fr\/#website","url":"https:\/\/www.eltexbcn.com\/fr\/","name":"Textil Eltex Barcelona","description":"","potentialAction":[{"@type":"SearchAction","target":{"@type":"EntryPoint","urlTemplate":"https:\/\/www.eltexbcn.com\/fr\/?s={search_term_string}"},"query-input":{"@type":"PropertyValueSpecification","valueRequired":true,"valueName":"search_term_string"}}],"inLanguage":"fr-FR"}]}},"_links":{"self":[{"href":"https:\/\/www.eltexbcn.com\/fr\/wp-json\/wp\/v2\/pages\/238","targetHints":{"allow":["GET"]}}],"collection":[{"href":"https:\/\/www.eltexbcn.com\/fr\/wp-json\/wp\/v2\/pages"}],"about":[{"href":"https:\/\/www.eltexbcn.com\/fr\/wp-json\/wp\/v2\/types\/page"}],"author":[{"embeddable":true,"href":"https:\/\/www.eltexbcn.com\/fr\/wp-json\/wp\/v2\/users\/1"}],"replies":[{"embeddable":true,"href":"https:\/\/www.eltexbcn.com\/fr\/wp-json\/wp\/v2\/comments?post=238"}],"version-history":[{"count":0,"href":"https:\/\/www.eltexbcn.com\/fr\/wp-json\/wp\/v2\/pages\/238\/revisions"}],"wp:attachment":[{"href":"https:\/\/www.eltexbcn.com\/fr\/wp-json\/wp\/v2\/media?parent=238"}],"curies":[{"name":"wp","href":"https:\/\/api.w.org\/{rel}","templated":true}]}}