{"id":235,"date":"2023-10-27T08:11:28","date_gmt":"2023-10-27T08:11:28","guid":{"rendered":"https:\/\/www.eltexbcn.com\/nosotros\/"},"modified":"2023-11-22T08:25:05","modified_gmt":"2023-11-22T08:25:05","slug":"nous","status":"publish","type":"page","link":"https:\/\/www.eltexbcn.com\/fr\/nous\/","title":{"rendered":"Nous"},"content":{"rendered":"<div class='flex_column_table av-1xe5qy-178bf219cd2be4c93e13efce4427525b sc-av_one_third av-equal-height-column-flextable'><div  class='flex_column av-1xe5qy-178bf219cd2be4c93e13efce4427525b av_one_third  avia-builder-el-0  el_before_av_one_third  avia-builder-el-first  first flex_column_table_cell av-equal-height-column av-align-middle  '     ><p>\n<style type=\"text\/css\" data-created_by=\"avia_inline_auto\" id=\"style-css-av-lo8cu2os-1bced792d55e29d78f630350832668be\">\n#top .av-special-heading.av-lo8cu2os-1bced792d55e29d78f630350832668be{\npadding-bottom:10px;\n}\nbody .av-special-heading.av-lo8cu2os-1bced792d55e29d78f630350832668be .av-special-heading-tag .heading-char{\nfont-size:25px;\n}\n.av-special-heading.av-lo8cu2os-1bced792d55e29d78f630350832668be .av-subheading{\nfont-size:15px;\n}\n<\/style>\n<div  class='av-special-heading av-lo8cu2os-1bced792d55e29d78f630350832668be av-special-heading-h2 blockquote modern-quote  avia-builder-el-1  el_before_av_textblock  avia-builder-el-first '><h2 class='av-special-heading-tag '  itemprop=\"headline\"  >Trajectoire du textile : fondation et leadership depuis 2006<\/h2><div class=\"special-heading-border\"><div class=\"special-heading-inner-border\"><\/div><\/div><\/div><br \/>\n<section  class='av_textblock_section av-1pwuj6-a3672c9340529a738ffb6cfcea955e05 '   itemscope=\"itemscope\" itemtype=\"https:\/\/schema.org\/CreativeWork\" ><div class='avia_textblock'  itemprop=\"text\" ><p>Bas\u00e9e \u00e0 Matar\u00f3, province de Barcelone, Textil a \u00e9t\u00e9 fond\u00e9e en 2006 par Enri Pujol et Luis Torrent. Depuis, nous nous distinguons en tant que <strong>leader dans la fabrication de maillots de bain<\/strong> pour femmes et enfants, anim\u00e9s par un d\u00e9vouement sans faille envers la qualit\u00e9 et l&rsquo;innovation.<\/p>\n<\/div><\/section><\/p><\/div>\n<div class='av-flex-placeholder'><\/div><div  class='flex_column av-5x816-ccf640bd91e7b95d3cec5accbae241d3 av_one_third  avia-builder-el-3  el_after_av_one_third  el_before_av_one_third  flex_column_table_cell av-equal-height-column av-align-middle  '     ><style type=\"text\/css\" data-created_by=\"avia_inline_auto\" id=\"style-css-av-1dl8mi-bfff5cc3cccb9a2514e59d07ea0894ab\">\n.avia-image-container.av-1dl8mi-bfff5cc3cccb9a2514e59d07ea0894ab img.avia_image{\nbox-shadow:none;\n}\n.avia-image-container.av-1dl8mi-bfff5cc3cccb9a2514e59d07ea0894ab .av-image-caption-overlay-center{\ncolor:#ffffff;\n}\n<\/style>\n<div  class='avia-image-container av-1dl8mi-bfff5cc3cccb9a2514e59d07ea0894ab av-styling- avia-align-center  avia-builder-el-4  avia-builder-el-no-sibling '   itemprop=\"image\" itemscope=\"itemscope\" itemtype=\"https:\/\/schema.org\/ImageObject\" ><div class=\"avia-image-container-inner\"><div class=\"avia-image-overlay-wrap\"><img decoding=\"async\" fetchpriority=\"high\" class='wp-image-259 avia-img-lazy-loading-not-259 avia_image ' src=\"https:\/\/www.eltexbcn.com\/wp-content\/uploads\/2023\/11\/ANIZZIA23_0320_RGB-1-scaled.jpg\" alt='' title=''  height=\"2560\" width=\"1792\"  itemprop=\"thumbnailUrl\" srcset=\"https:\/\/www.eltexbcn.com\/wp-content\/uploads\/2023\/11\/ANIZZIA23_0320_RGB-1-scaled.jpg 1792w, https:\/\/www.eltexbcn.com\/wp-content\/uploads\/2023\/11\/ANIZZIA23_0320_RGB-1-210x300.jpg 210w, https:\/\/www.eltexbcn.com\/wp-content\/uploads\/2023\/11\/ANIZZIA23_0320_RGB-1-721x1030.jpg 721w, https:\/\/www.eltexbcn.com\/wp-content\/uploads\/2023\/11\/ANIZZIA23_0320_RGB-1-768x1097.jpg 768w, https:\/\/www.eltexbcn.com\/wp-content\/uploads\/2023\/11\/ANIZZIA23_0320_RGB-1-1075x1536.jpg 1075w, https:\/\/www.eltexbcn.com\/wp-content\/uploads\/2023\/11\/ANIZZIA23_0320_RGB-1-1434x2048.jpg 1434w, https:\/\/www.eltexbcn.com\/wp-content\/uploads\/2023\/11\/ANIZZIA23_0320_RGB-1-1050x1500.jpg 1050w, https:\/\/www.eltexbcn.com\/wp-content\/uploads\/2023\/11\/ANIZZIA23_0320_RGB-1-493x705.jpg 493w\" sizes=\"(max-width: 1792px) 100vw, 1792px\" \/><\/div><\/div><\/div><\/div>\n<div class='av-flex-placeholder'><\/div><div  class='flex_column av-1810ai-2da45444bd3edf641e11fcdedcff504f av_one_third  avia-builder-el-5  el_after_av_one_third  avia-builder-el-last  flex_column_table_cell av-equal-height-column av-align-middle  '     ><p>\n<style type=\"text\/css\" data-created_by=\"avia_inline_auto\" id=\"style-css-av-lo8ctvaz-3e6ff308f5ea933a53c73a34a5bc9805\">\n#top .av-special-heading.av-lo8ctvaz-3e6ff308f5ea933a53c73a34a5bc9805{\npadding-bottom:10px;\n}\nbody .av-special-heading.av-lo8ctvaz-3e6ff308f5ea933a53c73a34a5bc9805 .av-special-heading-tag .heading-char{\nfont-size:25px;\n}\n.av-special-heading.av-lo8ctvaz-3e6ff308f5ea933a53c73a34a5bc9805 .av-subheading{\nfont-size:15px;\n}\n<\/style>\n<div  class='av-special-heading av-lo8ctvaz-3e6ff308f5ea933a53c73a34a5bc9805 av-special-heading-h3 blockquote modern-quote  avia-builder-el-6  el_before_av_textblock  avia-builder-el-first '><h3 class='av-special-heading-tag '  itemprop=\"headline\"  >Sp\u00e9cialisation et excellence: notre \u00e9quipe de professionnels en action<\/h3><div class=\"special-heading-border\"><div class=\"special-heading-inner-border\"><\/div><\/div><\/div><br \/>\n<section  class='av_textblock_section av-lo8e8l2q-fe99a581ff7504e1ea7c2d2751ddbce3 '   itemscope=\"itemscope\" itemtype=\"https:\/\/schema.org\/CreativeWork\" ><div class='avia_textblock'  itemprop=\"text\" ><p>Chez Textil ElTex, nous sommes une entreprise experte et dynamique, avec une \u00e9quipe hautement professionnelle sp\u00e9cialement form\u00e9e au d\u00e9veloppement de maillots de bain. <strong>Nous nous distinguons par la cr\u00e9ation de collections pour diff\u00e9rents styles,<\/strong> notamment les femmes, les jeunes, les grandes tailles et les enfants.<\/p>\n<\/div><\/section><br \/>\n\n<style type=\"text\/css\" data-created_by=\"avia_inline_auto\" id=\"style-css-av-lo8cuf3b-b1198c167d3f1a072a845ba2c528c6d0\">\n#top .av-special-heading.av-lo8cuf3b-b1198c167d3f1a072a845ba2c528c6d0{\npadding-bottom:10px;\n}\nbody .av-special-heading.av-lo8cuf3b-b1198c167d3f1a072a845ba2c528c6d0 .av-special-heading-tag .heading-char{\nfont-size:25px;\n}\n.av-special-heading.av-lo8cuf3b-b1198c167d3f1a072a845ba2c528c6d0 .av-subheading{\nfont-size:15px;\n}\n<\/style>\n<div  class='av-special-heading av-lo8cuf3b-b1198c167d3f1a072a845ba2c528c6d0 av-special-heading-h3 blockquote modern-quote  avia-builder-el-8  el_after_av_textblock  el_before_av_textblock '><h3 class='av-special-heading-tag '  itemprop=\"headline\"  >Un aper\u00e7u de nos processus et services de premi\u00e8re classe<\/h3><div class=\"special-heading-border\"><div class=\"special-heading-inner-border\"><\/div><\/div><\/div><br \/>\n<section  class='av_textblock_section av-lo8e93pg-28156788c1024153426e73eee475bec2 '   itemscope=\"itemscope\" itemtype=\"https:\/\/schema.org\/CreativeWork\" ><div class='avia_textblock'  itemprop=\"text\" ><p>Du design avant-gardiste au contr\u00f4le qualit\u00e9 rigoureux en production, chez Textil Eltex nous suivons un processus m\u00e9ticuleux <strong>pour garantir l&rsquo;excellence dans chaque v\u00eatement que nous cr\u00e9ons<\/strong>. Nous offrons une grande flexibilit\u00e9 et adaptabilit\u00e9 dans la fabrication, avec des quantit\u00e9s allant de 180\/200 pi\u00e8ces par mod\u00e8le et couleur, <strong>jusqu&rsquo;\u00e0 de grands volumes de production,<\/strong> toujours soutenus par des d\u00e9lais de livraison optimis\u00e9s et des mat\u00e9riaux de la plus haute qualit\u00e9.<\/p>\n<\/div><\/section><\/p><\/div><\/div><!--close column table wrapper. Autoclose: 1 -->\n","protected":false},"excerpt":{"rendered":"","protected":false},"author":1,"featured_media":0,"parent":0,"menu_order":0,"comment_status":"closed","ping_status":"closed","template":"","meta":{"footnotes":""},"class_list":["post-235","page","type-page","status-publish","hentry"],"yoast_head":"<!-- This site is optimized with the Yoast SEO plugin v27.3 - https:\/\/yoast.com\/product\/yoast-seo-wordpress\/ -->\n<title>Nous - Textil Eltex Barcelona<\/title>\n<meta name=\"description\" content=\"D\u00e9couvrez Textil ElTex, pionnier dans la fabrication de maillots de bain depuis 2006 \u00e0 Barcelone. Avec une \u00e9quipe d\u00e9di\u00e9e \u00e0 l\u2019excellence.\" \/>\n<meta name=\"robots\" content=\"index, follow, max-snippet:-1, max-image-preview:large, max-video-preview:-1\" \/>\n<link rel=\"canonical\" href=\"https:\/\/www.eltexbcn.com\/fr\/nous\/\" \/>\n<meta property=\"og:locale\" content=\"fr_FR\" \/>\n<meta property=\"og:type\" content=\"article\" \/>\n<meta property=\"og:title\" content=\"Nous - Textil Eltex Barcelona\" \/>\n<meta property=\"og:description\" content=\"D\u00e9couvrez Textil ElTex, pionnier dans la fabrication de maillots de bain depuis 2006 \u00e0 Barcelone. Avec une \u00e9quipe d\u00e9di\u00e9e \u00e0 l\u2019excellence.\" \/>\n<meta property=\"og:url\" content=\"https:\/\/www.eltexbcn.com\/fr\/nous\/\" \/>\n<meta property=\"og:site_name\" content=\"Textil Eltex Barcelona\" \/>\n<meta property=\"article:modified_time\" content=\"2023-11-22T08:25:05+00:00\" \/>\n<meta name=\"twitter:card\" content=\"summary_large_image\" \/>\n<meta name=\"twitter:label1\" content=\"Dur\u00e9e de lecture estim\u00e9e\" \/>\n\t<meta name=\"twitter:data1\" content=\"5 minutes\" \/>\n<script type=\"application\/ld+json\" class=\"yoast-schema-graph\">{\"@context\":\"https:\\\/\\\/schema.org\",\"@graph\":[{\"@type\":\"WebPage\",\"@id\":\"https:\\\/\\\/www.eltexbcn.com\\\/fr\\\/nous\\\/\",\"url\":\"https:\\\/\\\/www.eltexbcn.com\\\/fr\\\/nous\\\/\",\"name\":\"Nous - Textil Eltex Barcelona\",\"isPartOf\":{\"@id\":\"https:\\\/\\\/www.eltexbcn.com\\\/fr\\\/#website\"},\"datePublished\":\"2023-10-27T08:11:28+00:00\",\"dateModified\":\"2023-11-22T08:25:05+00:00\",\"description\":\"D\u00e9couvrez Textil ElTex, pionnier dans la fabrication de maillots de bain depuis 2006 \u00e0 Barcelone. Avec une \u00e9quipe d\u00e9di\u00e9e \u00e0 l\u2019excellence.\",\"breadcrumb\":{\"@id\":\"https:\\\/\\\/www.eltexbcn.com\\\/fr\\\/nous\\\/#breadcrumb\"},\"inLanguage\":\"fr-FR\",\"potentialAction\":[{\"@type\":\"ReadAction\",\"target\":[\"https:\\\/\\\/www.eltexbcn.com\\\/fr\\\/nous\\\/\"]}]},{\"@type\":\"BreadcrumbList\",\"@id\":\"https:\\\/\\\/www.eltexbcn.com\\\/fr\\\/nous\\\/#breadcrumb\",\"itemListElement\":[{\"@type\":\"ListItem\",\"position\":1,\"name\":\"Home\",\"item\":\"https:\\\/\\\/www.eltexbcn.com\\\/fr\\\/home\\\/\"},{\"@type\":\"ListItem\",\"position\":2,\"name\":\"Nous\"}]},{\"@type\":\"WebSite\",\"@id\":\"https:\\\/\\\/www.eltexbcn.com\\\/fr\\\/#website\",\"url\":\"https:\\\/\\\/www.eltexbcn.com\\\/fr\\\/\",\"name\":\"Textil Eltex Barcelona\",\"description\":\"\",\"potentialAction\":[{\"@type\":\"SearchAction\",\"target\":{\"@type\":\"EntryPoint\",\"urlTemplate\":\"https:\\\/\\\/www.eltexbcn.com\\\/fr\\\/?s={search_term_string}\"},\"query-input\":{\"@type\":\"PropertyValueSpecification\",\"valueRequired\":true,\"valueName\":\"search_term_string\"}}],\"inLanguage\":\"fr-FR\"}]}<\/script>\n<!-- \/ Yoast SEO plugin. -->","yoast_head_json":{"title":"Nous - Textil Eltex Barcelona","description":"D\u00e9couvrez Textil ElTex, pionnier dans la fabrication de maillots de bain depuis 2006 \u00e0 Barcelone. Avec une \u00e9quipe d\u00e9di\u00e9e \u00e0 l\u2019excellence.","robots":{"index":"index","follow":"follow","max-snippet":"max-snippet:-1","max-image-preview":"max-image-preview:large","max-video-preview":"max-video-preview:-1"},"canonical":"https:\/\/www.eltexbcn.com\/fr\/nous\/","og_locale":"fr_FR","og_type":"article","og_title":"Nous - Textil Eltex Barcelona","og_description":"D\u00e9couvrez Textil ElTex, pionnier dans la fabrication de maillots de bain depuis 2006 \u00e0 Barcelone. Avec une \u00e9quipe d\u00e9di\u00e9e \u00e0 l\u2019excellence.","og_url":"https:\/\/www.eltexbcn.com\/fr\/nous\/","og_site_name":"Textil Eltex Barcelona","article_modified_time":"2023-11-22T08:25:05+00:00","twitter_card":"summary_large_image","twitter_misc":{"Dur\u00e9e de lecture estim\u00e9e":"5 minutes"},"schema":{"@context":"https:\/\/schema.org","@graph":[{"@type":"WebPage","@id":"https:\/\/www.eltexbcn.com\/fr\/nous\/","url":"https:\/\/www.eltexbcn.com\/fr\/nous\/","name":"Nous - Textil Eltex Barcelona","isPartOf":{"@id":"https:\/\/www.eltexbcn.com\/fr\/#website"},"datePublished":"2023-10-27T08:11:28+00:00","dateModified":"2023-11-22T08:25:05+00:00","description":"D\u00e9couvrez Textil ElTex, pionnier dans la fabrication de maillots de bain depuis 2006 \u00e0 Barcelone. Avec une \u00e9quipe d\u00e9di\u00e9e \u00e0 l\u2019excellence.","breadcrumb":{"@id":"https:\/\/www.eltexbcn.com\/fr\/nous\/#breadcrumb"},"inLanguage":"fr-FR","potentialAction":[{"@type":"ReadAction","target":["https:\/\/www.eltexbcn.com\/fr\/nous\/"]}]},{"@type":"BreadcrumbList","@id":"https:\/\/www.eltexbcn.com\/fr\/nous\/#breadcrumb","itemListElement":[{"@type":"ListItem","position":1,"name":"Home","item":"https:\/\/www.eltexbcn.com\/fr\/home\/"},{"@type":"ListItem","position":2,"name":"Nous"}]},{"@type":"WebSite","@id":"https:\/\/www.eltexbcn.com\/fr\/#website","url":"https:\/\/www.eltexbcn.com\/fr\/","name":"Textil Eltex Barcelona","description":"","potentialAction":[{"@type":"SearchAction","target":{"@type":"EntryPoint","urlTemplate":"https:\/\/www.eltexbcn.com\/fr\/?s={search_term_string}"},"query-input":{"@type":"PropertyValueSpecification","valueRequired":true,"valueName":"search_term_string"}}],"inLanguage":"fr-FR"}]}},"_links":{"self":[{"href":"https:\/\/www.eltexbcn.com\/fr\/wp-json\/wp\/v2\/pages\/235","targetHints":{"allow":["GET"]}}],"collection":[{"href":"https:\/\/www.eltexbcn.com\/fr\/wp-json\/wp\/v2\/pages"}],"about":[{"href":"https:\/\/www.eltexbcn.com\/fr\/wp-json\/wp\/v2\/types\/page"}],"author":[{"embeddable":true,"href":"https:\/\/www.eltexbcn.com\/fr\/wp-json\/wp\/v2\/users\/1"}],"replies":[{"embeddable":true,"href":"https:\/\/www.eltexbcn.com\/fr\/wp-json\/wp\/v2\/comments?post=235"}],"version-history":[{"count":0,"href":"https:\/\/www.eltexbcn.com\/fr\/wp-json\/wp\/v2\/pages\/235\/revisions"}],"wp:attachment":[{"href":"https:\/\/www.eltexbcn.com\/fr\/wp-json\/wp\/v2\/media?parent=235"}],"curies":[{"name":"wp","href":"https:\/\/api.w.org\/{rel}","templated":true}]}}